{"id":1791,"date":"2023-04-15T17:58:15","date_gmt":"2023-04-15T15:58:15","guid":{"rendered":"https:\/\/annakempinska.pl\/?page_id=1791"},"modified":"2024-01-17T20:21:59","modified_gmt":"2024-01-17T19:21:59","slug":"organizacje-pozarzadowe-fundacja","status":"publish","type":"page","link":"https:\/\/annakempinska.pl\/?page_id=1791","title":{"rendered":"Organizacje pozarz\u0105dowe: Fundacja"},"content":{"rendered":"\n<p class=\"has-medium-font-size\"><strong>Chcesz za\u0142o\u017cy\u0107 Fundacj\u0119 i potrzebujesz pomocy ? Przeprowadz\u0119 Ci\u0119 przez ca\u0142y proces.<\/strong><\/p>\n\n\n\n<h3 class=\"wp-block-heading has-medium-font-size\">Kto mo\u017ce za\u0142o\u017cy\u0107 fundacj\u0119 ?<\/h3>\n\n\n\n<p>Fundacje mo\u017ce za\u0142o\u017cy\u0107 osoba fizyczna, niezale\u017cnie od jej&nbsp;<strong>obywatelstwa i miejsca zamieszkania<\/strong>, jak r\u00f3wnie\u017c osoba prawna. Cz\u0119sto fundacj\u0119 tworzy kilka os\u00f3b kt\u00f3re \u0142\u0105czy ten sam cel, lecz mo\u017cliwe jest tak\u017ce za\u0142o\u017cenie i prowadzenie fundacji tylko przez jednego cz\u0142owieka \u2013&nbsp;<strong>fundatora<\/strong>. Co wa\u017cne, fundacja posiada w\u0142asn\u0105 osobowo\u015b\u0107 prawn\u0105, co za tym idzie, jest ona niezale\u017cnym podmiotem prawa.<\/p>\n\n\n\n<h3 class=\"wp-block-heading has-medium-font-size\">Rola fundatora w fundacji<\/h3>\n\n\n\n<p>Fundator jest bardzo wa\u017cnym elementem procesu powo\u0142ywania fundacji. To fundator lub fundatorzy w formie aktu notarialnego o\u015bwiadczenia o ustanowieniu fundacji i przeznaczeniu na jej rzecz okre\u015blonego maj\u0105tku powo\u0142uj\u0105 j\u0105 do \u017cycia. To r\u00f3wnie\u017c fundator jest odpowiedzialny za zarejestrowanie fundacji w Krajowym Rejestrze S\u0105dowym.<\/p>\n\n\n\n<h2 class=\"wp-block-heading has-medium-font-size\">Jak dzia\u0142a fundacja ?<\/h2>\n\n\n\n<h3 class=\"wp-block-heading\">Akt prawny<\/h3>\n\n\n\n<p>Podstawowym aktem prawnym reguluj\u0105cym fundacje w Polsce jest Ustawa z&nbsp;<strong>dnia 6 kwietnia<\/strong>&nbsp;1984 r. o fundacjach (Dz.U. 2023.0.166, z p\u00f3\u017an. zm.). Ustawa ta okre\u015bla kwestie zwi\u0105zane z dzia\u0142alno\u015bci\u0105 fundacji, spos\u00f3b ich tworzenia, zasady rejestracji, kompetencje zarz\u0105du oraz zasady ich likwidacji.<\/p>\n\n\n\n<h3 class=\"wp-block-heading\">Statut fundacji<\/h3>\n\n\n\n<p>Podstaw\u0105 ka\u017cdej fundacji jest jej statut \u2013 ten dokument, kt\u00f3ry sporz\u0105dza fundator, zawiera wszystkie wa\u017cne informacje o fundacji takie jak jej nazwa, okre\u015blone cele i struktury organizacyjne jak r\u00f3wnie\u017c formy i zakres dzia\u0142alno\u015bci fundacji. Jest zbiorem zasad, kt\u00f3re okre\u015blaj\u0105 funkcjonowanie zarz\u0105du \u2013 a bez zarz\u0105du fundacja nie mo\u017ce dzia\u0142a\u0107.<\/p>\n\n\n\n<h3 class=\"wp-block-heading has-medium-font-size\">Czy fundacja mo\u017ce prowadzi\u0107 dzia\u0142alno\u015b\u0107 gospodarcz\u0105 ?<\/h3>\n\n\n\n<p>Tak, nic nie stoi na przeszkodzie \u017ceby fundacja prowadzi\u0142a dzia\u0142alno\u015b\u0107 gospodarcz\u0105, a dochody przeznacza\u0142a na realizowanie cel\u00f3w statutowych.<\/p>\n\n\n\n<p>W fundacji mog\u0105 r\u00f3wnie\u017c pracowa\u0107 osoby w oparciu o umow\u0119 o prac\u0119, zlecenie czy wykonywa\u0107 dla fundacji umow\u0119 o dzie\u0142o. Niezale\u017cnie od tego czy wykonuj\u0105 prac\u0119 zwi\u0105zan\u0105 z realizacj\u0105 cel\u00f3w statutowych czy zwi\u0105zanych z prowadzon\u0105 dzia\u0142alno\u015bci\u0105 gospodarcz\u0105.<\/p>\n\n\n\n<h2 class=\"wp-block-heading has-medium-font-size\" style=\"text-transform:uppercase\">OBS\u0141UGA PROBLEM\u00d3W PRAWNYCH SPOZA OFERT PODSTAWOWEJ <\/h2>\n\n\n\n<p>JE\u015aLI MASZ INNY PROBLEM PRAWNY NI\u017b WY\u017bEJ WYMIENIONE \u2013 SKONTAKTUJ SI\u0118 ZE MN\u0104, Z\u00a0PEWNO\u015aCI\u0104 CI\u00a0POMOG\u0118                    <img loading=\"lazy\" decoding=\"async\" width=\"30\" height=\"30\" class=\"wp-image-1934\" style=\"width: 30px;\" src=\"https:\/\/annakempinska.pl\/wp-content\/uploads\/2024\/01\/R-e1705514667553.gif\" alt=\"\"><a href=\"https:\/\/annakempinska.pl\/?page_id=1449\">KONTAKT<\/a><\/p>\n","protected":false},"excerpt":{"rendered":"<p>Chcesz za\u0142o\u017cy\u0107 Fundacj\u0119 i potrzebujesz pomocy ? Przeprowadz\u0119 Ci\u0119 przez ca\u0142y proces. Kto mo\u017ce za\u0142o\u017cy\u0107 fundacj\u0119 ? Fundacje mo\u017ce za\u0142o\u017cy\u0107 osoba fizyczna, niezale\u017cnie od jej&nbsp;obywatelstwa i miejsca zamieszkania, jak r\u00f3wnie\u017c &#8230;<\/p>\n","protected":false},"author":3,"featured_media":0,"parent":0,"menu_order":0,"comment_status":"closed","ping_status":"closed","template":"","meta":{"footnotes":""},"class_list":["post-1791","page","type-page","status-publish","hentry"],"yoast_head":"<!-- This site is optimized with the Yoast SEO plugin v20.1 - https:\/\/yoast.com\/wordpress\/plugins\/seo\/ -->\n<title>Organizacje pozarz\u0105dowe: Fundacja - AK Lexius Kancelaria Prawna<\/title>\n<meta name=\"robots\" content=\"index, follow, max-snippet:-1, max-image-preview:large, max-video-preview:-1\" \/>\n<link rel=\"canonical\" href=\"https:\/\/annakempinska.pl\/?page_id=1791\" \/>\n<meta property=\"og:locale\" content=\"pl_PL\" \/>\n<meta property=\"og:type\" content=\"article\" \/>\n<meta property=\"og:title\" content=\"Organizacje pozarz\u0105dowe: Fundacja - AK Lexius Kancelaria Prawna\" \/>\n<meta property=\"og:description\" content=\"Chcesz za\u0142o\u017cy\u0107 Fundacj\u0119 i potrzebujesz pomocy ? Przeprowadz\u0119 Ci\u0119 przez ca\u0142y proces. Kto mo\u017ce za\u0142o\u017cy\u0107 fundacj\u0119 ? Fundacje mo\u017ce za\u0142o\u017cy\u0107 osoba fizyczna, niezale\u017cnie od jej&nbsp;obywatelstwa i miejsca zamieszkania, jak r\u00f3wnie\u017c ...\" \/>\n<meta property=\"og:url\" content=\"https:\/\/annakempinska.pl\/?page_id=1791\" \/>\n<meta property=\"og:site_name\" content=\"AK Lexius Kancelaria Prawna\" \/>\n<meta property=\"article:modified_time\" content=\"2024-01-17T19:21:59+00:00\" \/>\n<meta property=\"og:image\" content=\"https:\/\/annakempinska.pl\/wp-content\/uploads\/2024\/01\/R-e1705514667553.gif\" \/>\n<meta name=\"twitter:card\" content=\"summary_large_image\" \/>\n<meta name=\"twitter:label1\" content=\"Szacowany czas czytania\" \/>\n\t<meta name=\"twitter:data1\" content=\"2 minuty\" \/>\n<script type=\"application\/ld+json\" class=\"yoast-schema-graph\">{\"@context\":\"https:\/\/schema.org\",\"@graph\":[{\"@type\":\"WebPage\",\"@id\":\"https:\/\/annakempinska.pl\/?page_id=1791\",\"url\":\"https:\/\/annakempinska.pl\/?page_id=1791\",\"name\":\"Organizacje pozarz\u0105dowe: Fundacja - AK Lexius Kancelaria Prawna\",\"isPartOf\":{\"@id\":\"https:\/\/annakempinska.pl\/#website\"},\"datePublished\":\"2023-04-15T15:58:15+00:00\",\"dateModified\":\"2024-01-17T19:21:59+00:00\",\"breadcrumb\":{\"@id\":\"https:\/\/annakempinska.pl\/?page_id=1791#breadcrumb\"},\"inLanguage\":\"pl-PL\",\"potentialAction\":[{\"@type\":\"ReadAction\",\"target\":[\"https:\/\/annakempinska.pl\/?page_id=1791\"]}]},{\"@type\":\"BreadcrumbList\",\"@id\":\"https:\/\/annakempinska.pl\/?page_id=1791#breadcrumb\",\"itemListElement\":[{\"@type\":\"ListItem\",\"position\":1,\"name\":\"Strona g\u0142\u00f3wna\",\"item\":\"https:\/\/annakempinska.pl\/\"},{\"@type\":\"ListItem\",\"position\":2,\"name\":\"Organizacje pozarz\u0105dowe: Fundacja\"}]},{\"@type\":\"WebSite\",\"@id\":\"https:\/\/annakempinska.pl\/#website\",\"url\":\"https:\/\/annakempinska.pl\/\",\"name\":\"AK Lexius Kancelaria Prawna\",\"description\":\"\",\"potentialAction\":[{\"@type\":\"SearchAction\",\"target\":{\"@type\":\"EntryPoint\",\"urlTemplate\":\"https:\/\/annakempinska.pl\/?s={search_term_string}\"},\"query-input\":\"required name=search_term_string\"}],\"inLanguage\":\"pl-PL\"}]}<\/script>\n<!-- \/ Yoast SEO plugin. -->","yoast_head_json":{"title":"Organizacje pozarz\u0105dowe: Fundacja - AK Lexius Kancelaria Prawna","robots":{"index":"index","follow":"follow","max-snippet":"max-snippet:-1","max-image-preview":"max-image-preview:large","max-video-preview":"max-video-preview:-1"},"canonical":"https:\/\/annakempinska.pl\/?page_id=1791","og_locale":"pl_PL","og_type":"article","og_title":"Organizacje pozarz\u0105dowe: Fundacja - AK Lexius Kancelaria Prawna","og_description":"Chcesz za\u0142o\u017cy\u0107 Fundacj\u0119 i potrzebujesz pomocy ? Przeprowadz\u0119 Ci\u0119 przez ca\u0142y proces. Kto mo\u017ce za\u0142o\u017cy\u0107 fundacj\u0119 ? Fundacje mo\u017ce za\u0142o\u017cy\u0107 osoba fizyczna, niezale\u017cnie od jej&nbsp;obywatelstwa i miejsca zamieszkania, jak r\u00f3wnie\u017c ...","og_url":"https:\/\/annakempinska.pl\/?page_id=1791","og_site_name":"AK Lexius Kancelaria Prawna","article_modified_time":"2024-01-17T19:21:59+00:00","og_image":[{"url":"https:\/\/annakempinska.pl\/wp-content\/uploads\/2024\/01\/R-e1705514667553.gif"}],"twitter_card":"summary_large_image","twitter_misc":{"Szacowany czas czytania":"2 minuty"},"schema":{"@context":"https:\/\/schema.org","@graph":[{"@type":"WebPage","@id":"https:\/\/annakempinska.pl\/?page_id=1791","url":"https:\/\/annakempinska.pl\/?page_id=1791","name":"Organizacje pozarz\u0105dowe: Fundacja - AK Lexius Kancelaria Prawna","isPartOf":{"@id":"https:\/\/annakempinska.pl\/#website"},"datePublished":"2023-04-15T15:58:15+00:00","dateModified":"2024-01-17T19:21:59+00:00","breadcrumb":{"@id":"https:\/\/annakempinska.pl\/?page_id=1791#breadcrumb"},"inLanguage":"pl-PL","potentialAction":[{"@type":"ReadAction","target":["https:\/\/annakempinska.pl\/?page_id=1791"]}]},{"@type":"BreadcrumbList","@id":"https:\/\/annakempinska.pl\/?page_id=1791#breadcrumb","itemListElement":[{"@type":"ListItem","position":1,"name":"Strona g\u0142\u00f3wna","item":"https:\/\/annakempinska.pl\/"},{"@type":"ListItem","position":2,"name":"Organizacje pozarz\u0105dowe: Fundacja"}]},{"@type":"WebSite","@id":"https:\/\/annakempinska.pl\/#website","url":"https:\/\/annakempinska.pl\/","name":"AK Lexius Kancelaria Prawna","description":"","potentialAction":[{"@type":"SearchAction","target":{"@type":"EntryPoint","urlTemplate":"https:\/\/annakempinska.pl\/?s={search_term_string}"},"query-input":"required name=search_term_string"}],"inLanguage":"pl-PL"}]}},"_links":{"self":[{"href":"https:\/\/annakempinska.pl\/index.php?rest_route=\/wp\/v2\/pages\/1791","targetHints":{"allow":["GET"]}}],"collection":[{"href":"https:\/\/annakempinska.pl\/index.php?rest_route=\/wp\/v2\/pages"}],"about":[{"href":"https:\/\/annakempinska.pl\/index.php?rest_route=\/wp\/v2\/types\/page"}],"author":[{"embeddable":true,"href":"https:\/\/annakempinska.pl\/index.php?rest_route=\/wp\/v2\/users\/3"}],"replies":[{"embeddable":true,"href":"https:\/\/annakempinska.pl\/index.php?rest_route=%2Fwp%2Fv2%2Fcomments&post=1791"}],"version-history":[{"count":4,"href":"https:\/\/annakempinska.pl\/index.php?rest_route=\/wp\/v2\/pages\/1791\/revisions"}],"predecessor-version":[{"id":1989,"href":"https:\/\/annakempinska.pl\/index.php?rest_route=\/wp\/v2\/pages\/1791\/revisions\/1989"}],"wp:attachment":[{"href":"https:\/\/annakempinska.pl\/index.php?rest_route=%2Fwp%2Fv2%2Fmedia&parent=1791"}],"curies":[{"name":"wp","href":"https:\/\/api.w.org\/{rel}","templated":true}]}}