{"id":1974,"date":"2024-01-17T19:52:56","date_gmt":"2024-01-17T18:52:56","guid":{"rendered":"https:\/\/annakempinska.pl\/?page_id=1974"},"modified":"2025-11-16T22:23:51","modified_gmt":"2025-11-16T21:23:51","slug":"cennik","status":"publish","type":"page","link":"https:\/\/annakempinska.pl\/?page_id=1974","title":{"rendered":"CENNIK"},"content":{"rendered":"\n<p>Us\u0142ugi prawne dopasowane do Ciebie \u2014 indywidualnie lub w abonamencie.<\/p>\n\n\n\n<p>Pomagam klientom indywidualnym, firmom i fundacjom zar\u00f3wno dora\u017anie, jak i w formie wygodnego abonamentu prawnego \u2013 bez stresu o koszty ka\u017cdej kolejnej porady.<\/p>\n\n\n\n<h3 class=\"wp-block-heading\">Us\u0142ugi jednorazowe \u2014 gdy potrzebujesz pomocy tu i teraz<\/h3>\n\n\n\n<p>\u2696\ufe0f porada prawna od 250 z\u0142\/h<\/p>\n\n\n\n<p>\ud83d\udcdc opinia prawna od 350 z\u0142<\/p>\n\n\n\n<p>\u270d\ufe0f sporz\u0105dzenie lub analiza umowy od 500 z\u0142<\/p>\n\n\n\n<p>\ud83d\udcb4 wezwanie do zap\u0142aty (z porad\u0105 prawn\u0105) od 350 z\u0142<\/p>\n\n\n\n<p>\ud83d\udcdc przygotowanie pozwu, pisma procesowego \u00a0od 600 z\u0142<\/p>\n\n\n\n<p>\ud83d\udcdc przygotowanie pisma do organu, urz\u0119du od 350 z\u0142<\/p>\n\n\n\n<p>\ud83e\udd1d us\u0142ugi ponad zakres abonamentu wyceniane indywidualnie po akceptacji Klienta<\/p>\n\n\n\n<p><em>Zale\u017cy mi na pe\u0142nej przejrzysto\u015bci \u2014 ka\u017cda us\u0142uga jest wyceniana z g\u00f3ry i realizowana po akceptacji Klienta<\/em><\/p>\n\n\n\n<p><em>Ceny mog\u0105 r\u00f3\u017cni\u0107 si\u0119 w zale\u017cno\u015bci od stopnia skomplikowania sprawy<\/em><\/p>\n\n\n\n<hr class=\"wp-block-separator has-alpha-channel-opacity\"\/>\n\n\n\n<h3 class=\"wp-block-heading\">Abonament prawny \u2014 Tw\u00f3j prywatny prawnik na sta\u0142e, bez zatrudniania na etat<\/h3>\n\n\n\n<ul class=\"wp-block-list\">\n<li>Sta\u0142y, szybki dost\u0119p do profesjonalnej pomocy prawnej<\/li>\n\n\n\n<li>Nieograniczona liczba konsultacji w bie\u017c\u0105cych sprawach \u2014 bez stresu i zb\u0119dnych formalno\u015bci<\/li>\n\n\n\n<li>Elastyczne formy kontaktu \u2014 telefon, e-mail, wideorozmowa \u2014 wszystko, co u\u0142atwia Ci \u017cycie<\/li>\n\n\n\n<li>Przewidywalne koszty \u2014 sta\u0142a, rycza\u0142towa miesi\u0119czna op\u0142ata, kt\u00f3ra pozwala oszcz\u0119dza\u0107 na kosztach prawnych<\/li>\n\n\n\n<li>Brak potrzeby zatrudniania w\u0142asnego prawnika \u2014 korzystasz z wiedzy i do\u015bwiadczenia Kancelarii na \u017c\u0105danie<\/li>\n<\/ul>\n\n\n\n<hr class=\"wp-block-separator has-alpha-channel-opacity\"\/>\n\n\n\n<h3 class=\"wp-block-heading\">Dlaczego abonament to strza\u0142 w dziesi\u0105tk\u0119?<\/h3>\n\n\n\n<h4 class=\"wp-block-heading\">\ud83d\udcbc Sta\u0142a obs\u0142uga prawna firm i sp\u00f3\u0142ek (abonament)<\/h4>\n\n\n\n<p>Zajmuj\u0119 si\u0119 kompleksow\u0105 obs\u0142ug\u0105 prawn\u0105 firm i sp\u00f3\u0142ek. <\/p>\n\n\n\n<p>Obs\u0142uguj\u0119 przedsi\u0119biorc\u00f3w z wielu bran\u017c, m.in. szkoleniowej, technicznej, us\u0142ugowej i budowlanej.<br>Dzia\u0142am na \u015al\u0105sku i online \u2014 masz dost\u0119p do prawnika zawsze, gdy wydarzy si\u0119 co\u015b pilnego.<\/p>\n\n\n\n<p>Nie musisz ju\u017c biega\u0107 po prawnikach czy martwi\u0107 si\u0119 o koszty ka\u017cdej kolejnej porady.<br>Masz spok\u00f3j i pewno\u015b\u0107 dzia\u0142ania.<\/p>\n\n\n\n<h4 class=\"wp-block-heading\">Wybierz pakiet dopasowany do skali Twojego biznesu:<\/h4>\n\n\n\n<p>\u2b50<strong>PAKIET<\/strong> <strong>START<\/strong><br>650 z\u0142 + VAT \/ miesi\u0105c<\/p>\n\n\n\n<p>Dla ma\u0142ych firm, kt\u00f3re potrzebuj\u0105 szybkich konsultacji, bez du\u017cych koszt\u00f3w.<\/p>\n\n\n\n<p><strong>Zakres us\u0142ug:<\/strong><\/p>\n\n\n\n<ul class=\"wp-block-list\">\n<li>konsultacje telefoniczne i online \u201eprawnik na telefon\u201d<\/li>\n\n\n\n<li>porady prawne e-mail (odpowied\u017a maksymalnie nast\u0119pny dzie\u0144 roboczy)<\/li>\n\n\n\n<li>projekt lub analiza do 2 um\u00f3w \/ pism miesi\u0119cznie<\/li>\n\n\n\n<li>podstawowa windykacja przeds\u0105dowa<\/li>\n\n\n\n<li>bie\u017c\u0105ce wsparcie prawne w dzia\u0142alno\u015bci gospodarczej<\/li>\n\n\n\n<li>us\u0142ugi ponad zakres abonamentu wyceniane indywidualnie po akceptacji Klienta<\/li>\n<\/ul>\n\n\n\n<p>Limit czasu: 4 godz.\/mies.<\/p>\n\n\n\n<p>Dodatkowe godziny: 250 z\u0142 + VAT\/h<\/p>\n\n\n\n<p><strong>Korzy\u015bci:<\/strong><\/p>\n\n\n\n<ul class=\"wp-block-list\">\n<li>szybka pomoc przy bie\u017c\u0105cych problemach<\/li>\n\n\n\n<li>bezpiecze\u0144stwo codziennych decyzji biznesowych<\/li>\n<\/ul>\n\n\n\n<p>\ud83d\ude80<strong>PAKIET STANDARD<\/strong><br>1 100 z\u0142 + VAT \/ miesi\u0105c<\/p>\n\n\n\n<p>Dla firm i sp\u00f3\u0142ek, kt\u00f3re potrzebuj\u0105 realnego wsparcia i bezpiecze\u0144stwa prawnego<\/p>\n\n\n\n<p><strong>Zakres us\u0142ug:<\/strong><\/p>\n\n\n\n<ul class=\"wp-block-list\">\n<li>priorytetowa obs\u0142uga<\/li>\n\n\n\n<li>konsultacje tel.\/online \u2014 kr\u00f3tkie zapytania bez limitu (fair-use)<\/li>\n\n\n\n<li>projekty, analiza i negocjacje um\u00f3w oraz pism<\/li>\n\n\n\n<li>przygotowanie regulamin\u00f3w, wzor\u00f3w i dokumentacji dedykowanej<\/li>\n\n\n\n<li><strong>obs\u0142uga prawna sp\u00f3\u0142ek<\/strong> (m.in. dokumenty korporacyjne: uchwa\u0142y, protoko\u0142y, zmiany danych)<\/li>\n\n\n\n<li>windykacja przeds\u0105dowa<\/li>\n\n\n\n<li>informowanie o zmianach prawa zwi\u0105zanych z dzia\u0142alno\u015bci\u0105 Klienta<\/li>\n\n\n\n<li>2 opinie prawne miesi\u0119cznie<\/li>\n\n\n\n<li>us\u0142ugi ponad zakres abonamentu wyceniane indywidualnie po akceptacji Klienta<\/li>\n<\/ul>\n\n\n\n<p>Limit czasu: 6 godz.\/mies.<\/p>\n\n\n\n<p>Dodatkowe godziny: 200 z\u0142 + VAT\/h<\/p>\n\n\n\n<p><strong>Korzy\u015bci:<\/strong><\/p>\n\n\n\n<ul class=\"wp-block-list\">\n<li>bezpiecze\u0144stwo prawne codziennych dzia\u0142a\u0144<\/li>\n\n\n\n<li>mniej reklamacji i spor\u00f3w, wi\u0119cej przewidywalno\u015bci<\/li>\n<\/ul>\n\n\n\n<p>\ud83d\udc51<strong>PAKIET\u00a0PREMIUM<\/strong><br>2400 z\u0142 + VAT \/ miesi\u0105c<\/p>\n\n\n\n<p>Dla firm rozwijaj\u0105cych si\u0119, z wi\u0119ksz\u0105 liczb\u0105 kontrakt\u00f3w i podwy\u017cszonym ryzykiem spornym.<\/p>\n\n\n\n<p><strong>Zakres us\u0142ug:<\/strong><\/p>\n\n\n\n<ul class=\"wp-block-list\">\n<li>obs\u0142uga z najwy\u017cszym priorytetem<\/li>\n\n\n\n<li>kompleksowa obs\u0142uga um\u00f3w i dokumentacji<\/li>\n\n\n\n<li>przygotowanie regulamin\u00f3w, wzor\u00f3w i dokumentacji dedykowanej<\/li>\n\n\n\n<li><strong>pe\u0142na obs\u0142uga prawna sp\u00f3\u0142ek z o.o.<\/strong> (uchwa\u0142y, zgromadzenia, protoko\u0142y, wsparcie korporacyjne)<\/li>\n\n\n\n<li>windykacja przeds\u0105dowa + negocjacje z kontrahentami<\/li>\n\n\n\n<li>raport miesi\u0119czny + rekomendacje prawne<\/li>\n\n\n\n<li>monitorowanie zmian przepis\u00f3w i alerty bran\u017cowe<\/li>\n\n\n\n<li>audyt dokumentacji i procedur (np. szkoleniowych)<\/li>\n\n\n\n<li>opinie prawne bez limitu<\/li>\n\n\n\n<li>us\u0142ugi ponad zakres abonamentu wyceniane indywidualnie po akceptacji Klienta<\/li>\n<\/ul>\n\n\n\n<p>Limit czasu: 10 godz.\/mies.<\/p>\n\n\n\n<p>Dodatkowe godziny: 250 z\u0142 + VAT\/h<\/p>\n\n\n\n<p><strong>Korzy\u015bci:<\/strong><\/p>\n\n\n\n<ul class=\"wp-block-list\">\n<li>sta\u0142y partner prawny dla zarz\u0105du<\/li>\n\n\n\n<li>proaktywne zapobieganie problemom, zanim wybuchn\u0105<\/li>\n\n\n\n<li>spok\u00f3j i czas na rozw\u00f3j biznesu<\/li>\n<\/ul>\n\n\n\n<h3 class=\"wp-block-heading\">\u260e Um\u00f3w bezp\u0142atn\u0105 konsultacj\u0119<\/h3>\n\n\n\n<p>W 15 minut wsp\u00f3lnie wybierzemy najlepszy zakres obs\u0142ugi:<\/p>\n\n\n\n<h4 class=\"wp-block-heading\">Zadbaj o stabilno\u015b\u0107 prawn\u0105 swojej firmy \u2014 dzi\u015b, nie po pierwszym sporze.<\/h4>\n\n\n\n<p><strong>Zapraszam <\/strong> <img loading=\"lazy\" decoding=\"async\" width=\"30\" height=\"30\" class=\"wp-image-1934\" style=\"width: 30px;\" src=\"https:\/\/annakempinska.pl\/wp-content\/uploads\/2024\/01\/R-e1705514667553.gif\" alt=\"\"> <a href=\"https:\/\/annakempinska.pl\/?page_id=1449\">KONTAKT<\/a><\/p>\n\n\n\n<p><\/p>\n","protected":false},"excerpt":{"rendered":"<p>Us\u0142ugi prawne dopasowane do Ciebie \u2014 indywidualnie lub w abonamencie. Pomagam klientom indywidualnym, firmom i fundacjom zar\u00f3wno dora\u017anie, jak i w formie wygodnego abonamentu prawnego \u2013 bez stresu o koszty &#8230;<\/p>\n","protected":false},"author":3,"featured_media":0,"parent":0,"menu_order":0,"comment_status":"closed","ping_status":"closed","template":"","meta":{"footnotes":""},"class_list":["post-1974","page","type-page","status-publish","hentry"],"yoast_head":"<!-- This site is optimized with the Yoast SEO plugin v20.1 - https:\/\/yoast.com\/wordpress\/plugins\/seo\/ -->\n<title>Prawnik dla firm ceny \u015al\u0105sk Gliwice - AK Lexius<\/title>\n<meta name=\"description\" content=\"Obs\u0142uga prawna firm, sp\u00f3\u0142ek i os\u00f3b fizycznych, cennik us\u0142ug i ceny abonament\u00f3w miesi\u0119cznych dla firm\" \/>\n<meta name=\"robots\" content=\"index, follow, max-snippet:-1, max-image-preview:large, max-video-preview:-1\" \/>\n<link rel=\"canonical\" href=\"https:\/\/annakempinska.pl\/?page_id=1974\" \/>\n<meta property=\"og:locale\" content=\"pl_PL\" \/>\n<meta property=\"og:type\" content=\"article\" \/>\n<meta property=\"og:title\" content=\"Prawnik dla firm ceny \u015al\u0105sk Gliwice - AK Lexius\" \/>\n<meta property=\"og:description\" content=\"Obs\u0142uga prawna firm, sp\u00f3\u0142ek i os\u00f3b fizycznych, cennik us\u0142ug i ceny abonament\u00f3w miesi\u0119cznych dla firm\" \/>\n<meta property=\"og:url\" content=\"https:\/\/annakempinska.pl\/?page_id=1974\" \/>\n<meta property=\"og:site_name\" content=\"AK Lexius Kancelaria Prawna\" \/>\n<meta property=\"article:modified_time\" content=\"2025-11-16T21:23:51+00:00\" \/>\n<meta property=\"og:image\" content=\"https:\/\/annakempinska.pl\/wp-content\/uploads\/2024\/01\/R-e1705514667553.gif\" \/>\n<meta name=\"twitter:card\" content=\"summary_large_image\" \/>\n<meta name=\"twitter:label1\" content=\"Szacowany czas czytania\" \/>\n\t<meta name=\"twitter:data1\" content=\"4 minuty\" \/>\n<script type=\"application\/ld+json\" class=\"yoast-schema-graph\">{\"@context\":\"https:\/\/schema.org\",\"@graph\":[{\"@type\":\"WebPage\",\"@id\":\"https:\/\/annakempinska.pl\/?page_id=1974\",\"url\":\"https:\/\/annakempinska.pl\/?page_id=1974\",\"name\":\"Prawnik dla firm ceny \u015al\u0105sk Gliwice - AK Lexius\",\"isPartOf\":{\"@id\":\"https:\/\/annakempinska.pl\/#website\"},\"datePublished\":\"2024-01-17T18:52:56+00:00\",\"dateModified\":\"2025-11-16T21:23:51+00:00\",\"description\":\"Obs\u0142uga prawna firm, sp\u00f3\u0142ek i os\u00f3b fizycznych, cennik us\u0142ug i ceny abonament\u00f3w miesi\u0119cznych dla firm\",\"breadcrumb\":{\"@id\":\"https:\/\/annakempinska.pl\/?page_id=1974#breadcrumb\"},\"inLanguage\":\"pl-PL\",\"potentialAction\":[{\"@type\":\"ReadAction\",\"target\":[\"https:\/\/annakempinska.pl\/?page_id=1974\"]}]},{\"@type\":\"BreadcrumbList\",\"@id\":\"https:\/\/annakempinska.pl\/?page_id=1974#breadcrumb\",\"itemListElement\":[{\"@type\":\"ListItem\",\"position\":1,\"name\":\"Strona g\u0142\u00f3wna\",\"item\":\"https:\/\/annakempinska.pl\/\"},{\"@type\":\"ListItem\",\"position\":2,\"name\":\"CENNIK\"}]},{\"@type\":\"WebSite\",\"@id\":\"https:\/\/annakempinska.pl\/#website\",\"url\":\"https:\/\/annakempinska.pl\/\",\"name\":\"AK Lexius Kancelaria Prawna\",\"description\":\"\",\"potentialAction\":[{\"@type\":\"SearchAction\",\"target\":{\"@type\":\"EntryPoint\",\"urlTemplate\":\"https:\/\/annakempinska.pl\/?s={search_term_string}\"},\"query-input\":\"required name=search_term_string\"}],\"inLanguage\":\"pl-PL\"}]}<\/script>\n<!-- \/ Yoast SEO plugin. -->","yoast_head_json":{"title":"Prawnik dla firm ceny \u015al\u0105sk Gliwice - AK Lexius","description":"Obs\u0142uga prawna firm, sp\u00f3\u0142ek i os\u00f3b fizycznych, cennik us\u0142ug i ceny abonament\u00f3w miesi\u0119cznych dla firm","robots":{"index":"index","follow":"follow","max-snippet":"max-snippet:-1","max-image-preview":"max-image-preview:large","max-video-preview":"max-video-preview:-1"},"canonical":"https:\/\/annakempinska.pl\/?page_id=1974","og_locale":"pl_PL","og_type":"article","og_title":"Prawnik dla firm ceny \u015al\u0105sk Gliwice - AK Lexius","og_description":"Obs\u0142uga prawna firm, sp\u00f3\u0142ek i os\u00f3b fizycznych, cennik us\u0142ug i ceny abonament\u00f3w miesi\u0119cznych dla firm","og_url":"https:\/\/annakempinska.pl\/?page_id=1974","og_site_name":"AK Lexius Kancelaria Prawna","article_modified_time":"2025-11-16T21:23:51+00:00","og_image":[{"url":"https:\/\/annakempinska.pl\/wp-content\/uploads\/2024\/01\/R-e1705514667553.gif"}],"twitter_card":"summary_large_image","twitter_misc":{"Szacowany czas czytania":"4 minuty"},"schema":{"@context":"https:\/\/schema.org","@graph":[{"@type":"WebPage","@id":"https:\/\/annakempinska.pl\/?page_id=1974","url":"https:\/\/annakempinska.pl\/?page_id=1974","name":"Prawnik dla firm ceny \u015al\u0105sk Gliwice - AK Lexius","isPartOf":{"@id":"https:\/\/annakempinska.pl\/#website"},"datePublished":"2024-01-17T18:52:56+00:00","dateModified":"2025-11-16T21:23:51+00:00","description":"Obs\u0142uga prawna firm, sp\u00f3\u0142ek i os\u00f3b fizycznych, cennik us\u0142ug i ceny abonament\u00f3w miesi\u0119cznych dla firm","breadcrumb":{"@id":"https:\/\/annakempinska.pl\/?page_id=1974#breadcrumb"},"inLanguage":"pl-PL","potentialAction":[{"@type":"ReadAction","target":["https:\/\/annakempinska.pl\/?page_id=1974"]}]},{"@type":"BreadcrumbList","@id":"https:\/\/annakempinska.pl\/?page_id=1974#breadcrumb","itemListElement":[{"@type":"ListItem","position":1,"name":"Strona g\u0142\u00f3wna","item":"https:\/\/annakempinska.pl\/"},{"@type":"ListItem","position":2,"name":"CENNIK"}]},{"@type":"WebSite","@id":"https:\/\/annakempinska.pl\/#website","url":"https:\/\/annakempinska.pl\/","name":"AK Lexius Kancelaria Prawna","description":"","potentialAction":[{"@type":"SearchAction","target":{"@type":"EntryPoint","urlTemplate":"https:\/\/annakempinska.pl\/?s={search_term_string}"},"query-input":"required name=search_term_string"}],"inLanguage":"pl-PL"}]}},"_links":{"self":[{"href":"https:\/\/annakempinska.pl\/index.php?rest_route=\/wp\/v2\/pages\/1974","targetHints":{"allow":["GET"]}}],"collection":[{"href":"https:\/\/annakempinska.pl\/index.php?rest_route=\/wp\/v2\/pages"}],"about":[{"href":"https:\/\/annakempinska.pl\/index.php?rest_route=\/wp\/v2\/types\/page"}],"author":[{"embeddable":true,"href":"https:\/\/annakempinska.pl\/index.php?rest_route=\/wp\/v2\/users\/3"}],"replies":[{"embeddable":true,"href":"https:\/\/annakempinska.pl\/index.php?rest_route=%2Fwp%2Fv2%2Fcomments&post=1974"}],"version-history":[{"count":12,"href":"https:\/\/annakempinska.pl\/index.php?rest_route=\/wp\/v2\/pages\/1974\/revisions"}],"predecessor-version":[{"id":2340,"href":"https:\/\/annakempinska.pl\/index.php?rest_route=\/wp\/v2\/pages\/1974\/revisions\/2340"}],"wp:attachment":[{"href":"https:\/\/annakempinska.pl\/index.php?rest_route=%2Fwp%2Fv2%2Fmedia&parent=1974"}],"curies":[{"name":"wp","href":"https:\/\/api.w.org\/{rel}","templated":true}]}}