{"id":2008,"date":"2024-01-20T20:07:03","date_gmt":"2024-01-20T19:07:03","guid":{"rendered":"https:\/\/annakempinska.pl\/?page_id=2008"},"modified":"2025-08-11T22:18:41","modified_gmt":"2025-08-11T20:18:41","slug":"wzory-pism","status":"publish","type":"page","link":"https:\/\/annakempinska.pl\/?page_id=2008","title":{"rendered":"WZORY PISM, UM\u00d3W"},"content":{"rendered":"\n<p><strong>Skorzystaj z autorskich wzor\u00f3w dokument\u00f3w \u2013 oszcz\u0119d\u017a czas i uniknij b\u0142\u0119d\u00f3w<\/strong><\/p>\n\n\n\n<p>Przygotowa\u0142am dla Ciebie zestaw profesjonalnych wzor\u00f3w \u2014 umowy, wezwania, ugody, pozwy i wiele innych. To gotowce, kt\u00f3re u\u0142atwi\u0105 Ci start i pomog\u0105 szybko skonstruowa\u0107 w\u0142asne pisma.<\/p>\n\n\n\n<p>Ale uwaga \u2014 szablon to tylko baza. Je\u015bli chcesz mie\u0107 pewno\u015b\u0107, \u017ce dokument b\u0119dzie skrojony idealnie pod Twoj\u0105 sytuacj\u0119, zapraszam do kontaktu z moj\u0105 kancelari\u0105. Razem dopracujemy ka\u017cdy szczeg\u00f3\u0142, by\u015b by\u0142 w 100% bezpieczny i skuteczny.<\/p>\n\n\n\n<p><\/p>\n\n\n\n<div class=\"wp-block-columns is-layout-flex wp-container-core-columns-is-layout-9d6595d7 wp-block-columns-is-layout-flex\">\n<div class=\"wp-block-column is-layout-flow wp-block-column-is-layout-flow\">\n<div class=\"wp-block-buttons is-layout-flex wp-block-buttons-is-layout-flex\">\n<div class=\"wp-block-button has-custom-width wp-block-button__width-100 is-style-outline is-style-outline--1\"><a class=\"wp-block-button__link has-text-color has-background has-link-color has-text-align-center wp-element-button\" href=\"https:\/\/annakempinska.pl\/PDF\/Umowa_zlecenia.pdf\" style=\"color:#74caff;background-color:#0a6091\">Wz\u00f3r umowa zlecenie <br>(PDF)<\/a><\/div>\n<\/div>\n<\/div>\n\n\n\n<div class=\"wp-block-column is-layout-flow wp-block-column-is-layout-flow\">\n<div class=\"wp-block-buttons is-layout-flex wp-block-buttons-is-layout-flex\">\n<div class=\"wp-block-button has-custom-width wp-block-button__width-100 is-style-outline is-style-outline--2\"><a class=\"wp-block-button__link has-text-color has-background has-link-color has-text-align-center wp-element-button\" href=\"https:\/\/annakempinska.pl\/PDF\/Wezwanie_do_zaplaty.pdf\" style=\"color:#74caff;background-color:#0a6091\">Wezwanie do zap\u0142aty wz\u00f3r (PDF)<\/a><\/div>\n<\/div>\n<\/div>\n\n\n\n<div class=\"wp-block-column is-layout-flow wp-block-column-is-layout-flow\">\n<div class=\"wp-block-buttons is-layout-flex wp-block-buttons-is-layout-flex\">\n<div class=\"wp-block-button has-custom-width wp-block-button__width-100 is-style-outline is-style-outline--3\"><a class=\"wp-block-button__link has-text-color has-background has-link-color has-text-align-center wp-element-button\" href=\"https:\/\/annakempinska.pl\/PDF\/Ugoda_pozasadowa_wzor.pdf\" style=\"color:#74caff;background-color:#0a6091\">Ugoda pozas\u0105dowa wz\u00f3r (PDF)<\/a><\/div>\n<\/div>\n<\/div>\n<\/div>\n\n\n\n<p>Je\u015bli jeste\u015b zainteresowany(-a) skorzystaniem z kt\u00f3rego\u015b ze wzor\u00f3w, skontaktuj si\u0119 ze mn\u0105 \u2014 prze\u015bl\u0119 Ci dokument po uprzedniej, jasnej i uczciwej odp\u0142atno\u015bci. Bez niespodzianek, bez ukrytych koszt\u00f3w.<\/p>\n\n\n\n<p>Proste, szybkie i transparentne rozwi\u0105zanie, kt\u00f3re pozwoli Ci dzia\u0142a\u0107 z pe\u0142nym bezpiecze\u0144stwem. <img loading=\"lazy\" decoding=\"async\" width=\"30\" height=\"30\" class=\"wp-image-1934\" style=\"width: 30px;\" src=\"https:\/\/annakempinska.pl\/wp-content\/uploads\/2024\/01\/R-e1705514667553.gif\" alt=\"\"> <a href=\"https:\/\/annakempinska.pl\/?page_id=1449\">KONTAKT<\/a><\/p>\n\n\n\n<p>Wzory pism\/um\u00f3w do pobrania:<\/p>\n\n\n\n<ul class=\"wp-block-list\">\n<li>pozew rozwodowy bez orzekania o winie &#8211; 300 z\u0142<\/li>\n\n\n\n<li>wezwanie do zap\u0142aty &#8211; 50 z\u0142<\/li>\n\n\n\n<li>przedegzekucyjne wezwanie do zap\u0142aty &#8211; 50 z\u0142<\/li>\n\n\n\n<li>wniosek egzekucyjny &#8211; 100 z\u0142<\/li>\n\n\n\n<li>skarga na czynno\u015bci komornika &#8211; 100 z\u0142<\/li>\n\n\n\n<li>umowa zlecenie &#8211; 120 z\u0142<\/li>\n\n\n\n<li>umowa o dzie\u0142o &#8211; 120 z\u0142<\/li>\n\n\n\n<li>umowa najmu &#8211; 150 z\u0142<\/li>\n\n\n\n<li>umowa najmu okazjonalnego &#8211; 200 z\u0142<\/li>\n\n\n\n<li>umowa kupna &#8211; sprzeda\u017cy pojazdu &#8211; 50 z\u0142<\/li>\n\n\n\n<li>umowa na wykonanie us\u0142ugi budowlanej &#8211; 200 z\u0142<\/li>\n\n\n\n<li>umowa o prac\u0119 na czas nieokre\u015blony &#8211; 100 z\u0142<\/li>\n\n\n\n<li>umowa o prac\u0119 na czas okre\u015blony &#8211; 100 z\u0142<\/li>\n\n\n\n<li>umowa o prac\u0119 na okres pr\u00f3bny &#8211; 100 z\u0142<\/li>\n\n\n\n<li>wypowiedzenie umowy o prac\u0119 &#8211; 50 z\u0142<\/li>\n\n\n\n<li>porozumienie zmieniaj\u0105ce warunki pracy &#8211; 50 z\u0142 <\/li>\n\n\n\n<li>upowa\u017cnienie\/pe\u0142nomocnictwo &#8211; 30 z\u0142 <\/li>\n\n\n\n<li>polityka RODO do zastosowania w firmach &#8211; 250 z\u0142<\/li>\n<\/ul>\n\n\n\n<p>Je\u017celi jeste\u015b zainteresowany skorzystaniem z gotowego wzoru dokumentu, zapraszam do kontaktu <img loading=\"lazy\" decoding=\"async\" width=\"30\" height=\"30\" class=\"wp-image-1934\" style=\"width: 30px;\" src=\"https:\/\/annakempinska.pl\/wp-content\/uploads\/2024\/01\/R-e1705514667553.gif\" alt=\"\"> <a href=\"https:\/\/annakempinska.pl\/?page_id=1449\">KONTAKT<\/a><\/p>\n\n\n\n<p><\/p>\n","protected":false},"excerpt":{"rendered":"<p>Skorzystaj z autorskich wzor\u00f3w dokument\u00f3w \u2013 oszcz\u0119d\u017a czas i uniknij b\u0142\u0119d\u00f3w Przygotowa\u0142am dla Ciebie zestaw profesjonalnych wzor\u00f3w \u2014 umowy, wezwania, ugody, pozwy i wiele innych. To gotowce, kt\u00f3re u\u0142atwi\u0105 Ci &#8230;<\/p>\n","protected":false},"author":3,"featured_media":0,"parent":0,"menu_order":0,"comment_status":"closed","ping_status":"closed","template":"","meta":{"footnotes":""},"class_list":["post-2008","page","type-page","status-publish","hentry"],"yoast_head":"<!-- This site is optimized with the Yoast SEO plugin v20.1 - https:\/\/yoast.com\/wordpress\/plugins\/seo\/ -->\n<title>Wzory pism - dokumenty przygotowane przez prawnika<\/title>\n<meta name=\"description\" content=\"Zapoznaj si\u0119 z wzorami pism s\u0105dowych, przygotowanymi przez do\u015bwiadczonych prawnik\u00f3w. Znajdziesz tu mi\u0119dzy innymi pozwy, wnioski i umowy, kt\u00f3re u\u0142atwi\u0105 Ci sporz\u0105dzenie w\u0142asnych dokument\u00f3w.\" \/>\n<meta name=\"robots\" content=\"index, follow, max-snippet:-1, max-image-preview:large, max-video-preview:-1\" \/>\n<link rel=\"canonical\" href=\"https:\/\/annakempinska.pl\/?page_id=2008\" \/>\n<meta property=\"og:locale\" content=\"pl_PL\" \/>\n<meta property=\"og:type\" content=\"article\" \/>\n<meta property=\"og:title\" content=\"Wzory pism - dokumenty przygotowane przez prawnika\" \/>\n<meta property=\"og:description\" content=\"Zapoznaj si\u0119 z wzorami pism s\u0105dowych, przygotowanymi przez do\u015bwiadczonych prawnik\u00f3w. Znajdziesz tu mi\u0119dzy innymi pozwy, wnioski i umowy, kt\u00f3re u\u0142atwi\u0105 Ci sporz\u0105dzenie w\u0142asnych dokument\u00f3w.\" \/>\n<meta property=\"og:url\" content=\"https:\/\/annakempinska.pl\/?page_id=2008\" \/>\n<meta property=\"og:site_name\" content=\"AK Lexius Kancelaria Prawna\" \/>\n<meta property=\"article:modified_time\" content=\"2025-08-11T20:18:41+00:00\" \/>\n<meta property=\"og:image\" content=\"https:\/\/annakempinska.pl\/wp-content\/uploads\/2024\/01\/R-e1705514667553.gif\" \/>\n<meta name=\"twitter:card\" content=\"summary_large_image\" \/>\n<meta name=\"twitter:label1\" content=\"Szacowany czas czytania\" \/>\n\t<meta name=\"twitter:data1\" content=\"2 minuty\" \/>\n<script type=\"application\/ld+json\" class=\"yoast-schema-graph\">{\"@context\":\"https:\/\/schema.org\",\"@graph\":[{\"@type\":\"WebPage\",\"@id\":\"https:\/\/annakempinska.pl\/?page_id=2008\",\"url\":\"https:\/\/annakempinska.pl\/?page_id=2008\",\"name\":\"Wzory pism - dokumenty przygotowane przez prawnika\",\"isPartOf\":{\"@id\":\"https:\/\/annakempinska.pl\/#website\"},\"datePublished\":\"2024-01-20T19:07:03+00:00\",\"dateModified\":\"2025-08-11T20:18:41+00:00\",\"description\":\"Zapoznaj si\u0119 z wzorami pism s\u0105dowych, przygotowanymi przez do\u015bwiadczonych prawnik\u00f3w. Znajdziesz tu mi\u0119dzy innymi pozwy, wnioski i umowy, kt\u00f3re u\u0142atwi\u0105 Ci sporz\u0105dzenie w\u0142asnych dokument\u00f3w.\",\"breadcrumb\":{\"@id\":\"https:\/\/annakempinska.pl\/?page_id=2008#breadcrumb\"},\"inLanguage\":\"pl-PL\",\"potentialAction\":[{\"@type\":\"ReadAction\",\"target\":[\"https:\/\/annakempinska.pl\/?page_id=2008\"]}]},{\"@type\":\"BreadcrumbList\",\"@id\":\"https:\/\/annakempinska.pl\/?page_id=2008#breadcrumb\",\"itemListElement\":[{\"@type\":\"ListItem\",\"position\":1,\"name\":\"Strona g\u0142\u00f3wna\",\"item\":\"https:\/\/annakempinska.pl\/\"},{\"@type\":\"ListItem\",\"position\":2,\"name\":\"WZORY PISM, UM\u00d3W\"}]},{\"@type\":\"WebSite\",\"@id\":\"https:\/\/annakempinska.pl\/#website\",\"url\":\"https:\/\/annakempinska.pl\/\",\"name\":\"AK Lexius Kancelaria Prawna\",\"description\":\"\",\"potentialAction\":[{\"@type\":\"SearchAction\",\"target\":{\"@type\":\"EntryPoint\",\"urlTemplate\":\"https:\/\/annakempinska.pl\/?s={search_term_string}\"},\"query-input\":\"required name=search_term_string\"}],\"inLanguage\":\"pl-PL\"}]}<\/script>\n<!-- \/ Yoast SEO plugin. -->","yoast_head_json":{"title":"Wzory pism - dokumenty przygotowane przez prawnika","description":"Zapoznaj si\u0119 z wzorami pism s\u0105dowych, przygotowanymi przez do\u015bwiadczonych prawnik\u00f3w. Znajdziesz tu mi\u0119dzy innymi pozwy, wnioski i umowy, kt\u00f3re u\u0142atwi\u0105 Ci sporz\u0105dzenie w\u0142asnych dokument\u00f3w.","robots":{"index":"index","follow":"follow","max-snippet":"max-snippet:-1","max-image-preview":"max-image-preview:large","max-video-preview":"max-video-preview:-1"},"canonical":"https:\/\/annakempinska.pl\/?page_id=2008","og_locale":"pl_PL","og_type":"article","og_title":"Wzory pism - dokumenty przygotowane przez prawnika","og_description":"Zapoznaj si\u0119 z wzorami pism s\u0105dowych, przygotowanymi przez do\u015bwiadczonych prawnik\u00f3w. Znajdziesz tu mi\u0119dzy innymi pozwy, wnioski i umowy, kt\u00f3re u\u0142atwi\u0105 Ci sporz\u0105dzenie w\u0142asnych dokument\u00f3w.","og_url":"https:\/\/annakempinska.pl\/?page_id=2008","og_site_name":"AK Lexius Kancelaria Prawna","article_modified_time":"2025-08-11T20:18:41+00:00","og_image":[{"url":"https:\/\/annakempinska.pl\/wp-content\/uploads\/2024\/01\/R-e1705514667553.gif"}],"twitter_card":"summary_large_image","twitter_misc":{"Szacowany czas czytania":"2 minuty"},"schema":{"@context":"https:\/\/schema.org","@graph":[{"@type":"WebPage","@id":"https:\/\/annakempinska.pl\/?page_id=2008","url":"https:\/\/annakempinska.pl\/?page_id=2008","name":"Wzory pism - dokumenty przygotowane przez prawnika","isPartOf":{"@id":"https:\/\/annakempinska.pl\/#website"},"datePublished":"2024-01-20T19:07:03+00:00","dateModified":"2025-08-11T20:18:41+00:00","description":"Zapoznaj si\u0119 z wzorami pism s\u0105dowych, przygotowanymi przez do\u015bwiadczonych prawnik\u00f3w. Znajdziesz tu mi\u0119dzy innymi pozwy, wnioski i umowy, kt\u00f3re u\u0142atwi\u0105 Ci sporz\u0105dzenie w\u0142asnych dokument\u00f3w.","breadcrumb":{"@id":"https:\/\/annakempinska.pl\/?page_id=2008#breadcrumb"},"inLanguage":"pl-PL","potentialAction":[{"@type":"ReadAction","target":["https:\/\/annakempinska.pl\/?page_id=2008"]}]},{"@type":"BreadcrumbList","@id":"https:\/\/annakempinska.pl\/?page_id=2008#breadcrumb","itemListElement":[{"@type":"ListItem","position":1,"name":"Strona g\u0142\u00f3wna","item":"https:\/\/annakempinska.pl\/"},{"@type":"ListItem","position":2,"name":"WZORY PISM, UM\u00d3W"}]},{"@type":"WebSite","@id":"https:\/\/annakempinska.pl\/#website","url":"https:\/\/annakempinska.pl\/","name":"AK Lexius Kancelaria Prawna","description":"","potentialAction":[{"@type":"SearchAction","target":{"@type":"EntryPoint","urlTemplate":"https:\/\/annakempinska.pl\/?s={search_term_string}"},"query-input":"required name=search_term_string"}],"inLanguage":"pl-PL"}]}},"_links":{"self":[{"href":"https:\/\/annakempinska.pl\/index.php?rest_route=\/wp\/v2\/pages\/2008","targetHints":{"allow":["GET"]}}],"collection":[{"href":"https:\/\/annakempinska.pl\/index.php?rest_route=\/wp\/v2\/pages"}],"about":[{"href":"https:\/\/annakempinska.pl\/index.php?rest_route=\/wp\/v2\/types\/page"}],"author":[{"embeddable":true,"href":"https:\/\/annakempinska.pl\/index.php?rest_route=\/wp\/v2\/users\/3"}],"replies":[{"embeddable":true,"href":"https:\/\/annakempinska.pl\/index.php?rest_route=%2Fwp%2Fv2%2Fcomments&post=2008"}],"version-history":[{"count":7,"href":"https:\/\/annakempinska.pl\/index.php?rest_route=\/wp\/v2\/pages\/2008\/revisions"}],"predecessor-version":[{"id":2249,"href":"https:\/\/annakempinska.pl\/index.php?rest_route=\/wp\/v2\/pages\/2008\/revisions\/2249"}],"wp:attachment":[{"href":"https:\/\/annakempinska.pl\/index.php?rest_route=%2Fwp%2Fv2%2Fmedia&parent=2008"}],"curies":[{"name":"wp","href":"https:\/\/api.w.org\/{rel}","templated":true}]}}