{"id":26,"date":"2016-02-12T08:13:33","date_gmt":"2016-02-12T08:13:33","guid":{"rendered":"http:\/\/demos.famethemes.com\/onepress\/?page_id=26"},"modified":"2025-08-10T23:40:14","modified_gmt":"2025-08-10T21:40:14","slug":"service-title-4","status":"publish","type":"page","link":"https:\/\/annakempinska.pl\/?page_id=26","title":{"rendered":"Prawo nieruchomo\u015bci                                     Umowy, regulaminy, opinie prawne"},"content":{"rendered":"\n<p><\/p>\n\n\n<h3 data-start=\"150\" data-end=\"229\">Pe\u0142na obs\u0142uga prawna um\u00f3w \u2013 od pierwszego podpisu a\u017c po ostatni\u0105 realizacj\u0119<\/h3>\n<p data-start=\"231\" data-end=\"349\">Zadbam o Twoje umowy na ka\u017cdym etapie ich \u017cycia. Tworz\u0119, opiniuj\u0119 i pilnuj\u0119, \u017ceby wszystko dzia\u0142a\u0142o bez niespodzianek.<\/p>\n<p data-start=\"351\" data-end=\"395\"><strong data-start=\"351\" data-end=\"393\">Specjalizuj\u0119 si\u0119 w umowach takich jak:<\/strong><\/p>\n<ul data-start=\"396\" data-end=\"665\">\n<li data-start=\"396\" data-end=\"437\">\n<p data-start=\"398\" data-end=\"437\">zlecenia, o dzie\u0142o, \u015bwiadczenia us\u0142ug<\/p>\n<\/li>\n<li data-start=\"438\" data-end=\"455\">\n<p data-start=\"440\" data-end=\"455\">umowy o prac\u0119<\/p>\n<\/li>\n<li data-start=\"456\" data-end=\"502\">\n<p data-start=\"458\" data-end=\"502\">dzier\u017cawy i najmy, w tym najem okazjonalny<\/p>\n<\/li>\n<li data-start=\"503\" data-end=\"528\">\n<p data-start=\"505\" data-end=\"528\">darowizny i u\u017cyczenia<\/p>\n<\/li>\n<li data-start=\"529\" data-end=\"561\">\n<p data-start=\"531\" data-end=\"561\">umowy przedwst\u0119pne sprzeda\u017cy<\/p>\n<\/li>\n<li data-start=\"562\" data-end=\"632\">\n<p data-start=\"564\" data-end=\"632\">umowy przetargowe wraz z opracowywaniem i weryfikacj\u0105 dokumentacji<\/p>\n<\/li>\n<li data-start=\"633\" data-end=\"665\">\n<p data-start=\"635\" data-end=\"665\">cesja wierzytelno\u015bci i d\u0142ugu<\/p>\n<\/li>\n<\/ul>\n<hr data-start=\"667\" data-end=\"670\" \/>\n<h3 data-start=\"672\" data-end=\"743\">Analizy biznesowe i opinie prawne \u2013 solidna podstawa Twoich decyzji<\/h3>\n<p data-start=\"745\" data-end=\"899\">Nie rzucam s\u0142\u00f3w na wiatr \u2013 ka\u017cde opracowanie opieram na aktualnym orzecznictwie i doktrynie, by\u015b m\u00f3g\u0142 podejmowa\u0107 decyzje, kt\u00f3re naprawd\u0119 maj\u0105 r\u0119ce i nogi.<\/p>\n<hr data-start=\"901\" data-end=\"904\" \/>\n<h3 data-start=\"906\" data-end=\"967\">Prawo nieruchomo\u015bci \u2013 skuteczna obs\u0142uga na ka\u017cdym froncie<\/h3>\n<p data-start=\"969\" data-end=\"1070\">Nieruchomo\u015bci to z\u0142o\u017cona gra, w kt\u00f3rej liczy si\u0119 ka\u017cdy szczeg\u00f3\u0142. Pomagam firmom i osobom prywatnym w:<\/p>\n<ul data-start=\"1072\" data-end=\"1311\">\n<li data-start=\"1072\" data-end=\"1114\">\n<p data-start=\"1074\" data-end=\"1114\">obs\u0142udze prawnej agencji nieruchomo\u015bci<\/p>\n<\/li>\n<li data-start=\"1115\" data-end=\"1147\">\n<p data-start=\"1117\" data-end=\"1147\">inwestycjach w nieruchomo\u015bci<\/p>\n<\/li>\n<li data-start=\"1148\" data-end=\"1242\">\n<p data-start=\"1150\" data-end=\"1242\">tworzeniu i opiniowaniu um\u00f3w sprzeda\u017cy, dzier\u017cawy, odst\u0119pnego, najmu i najmu okazjonalnego<\/p>\n<\/li>\n<li data-start=\"1243\" data-end=\"1311\">\n<p data-start=\"1245\" data-end=\"1311\">doradztwie i przygotowywaniu dokument\u00f3w w sprawach o zasiedzenie<\/p>\n<\/li>\n<\/ul>\n<hr data-start=\"1313\" data-end=\"1316\" \/>\n<h3 data-start=\"1318\" data-end=\"1370\">Masz problem prawny spoza standardowej oferty?<\/h3>\n<p data-start=\"1371\" data-end=\"1480\">Nie zostawiam \u017cadnej sprawy bez rozwi\u0105zania. Skontaktuj si\u0119 ze mn\u0105 \u2014 na pewno znajdziemy spos\u00f3b, by Ci pom\u00f3c <img loading=\"lazy\" decoding=\"async\" class=\"alignnone  wp-image-1934\" src=\"https:\/\/annakempinska.pl\/wp-content\/uploads\/2024\/01\/R-e1705514667553.gif\" alt=\"\" width=\"31\" height=\"31\" \/><a href=\"https:\/\/annakempinska.pl\/?page_id=1449\">KONTAKT<\/a><\/p>","protected":false},"excerpt":{"rendered":"<p>Umowy, regulaminy i opinie prawne z uwzgl\u0119dnieniem pogl\u0105d\u00f3w doktryny i orzecznictwa<\/p>\n","protected":false},"author":1,"featured_media":0,"parent":0,"menu_order":0,"comment_status":"closed","ping_status":"closed","template":"","meta":{"footnotes":""},"class_list":["post-26","page","type-page","status-publish","hentry"],"yoast_head":"<!-- This site is optimized with the Yoast SEO plugin v20.1 - https:\/\/yoast.com\/wordpress\/plugins\/seo\/ -->\n<title>Prawo nieruchomo\u015bci                   Umowy, regulaminy, opinie prawne - AK Lexius Kancelaria Prawna<\/title>\n<meta name=\"robots\" content=\"index, follow, max-snippet:-1, max-image-preview:large, max-video-preview:-1\" \/>\n<link rel=\"canonical\" href=\"https:\/\/annakempinska.pl\/?page_id=26\" \/>\n<meta property=\"og:locale\" content=\"pl_PL\" \/>\n<meta property=\"og:type\" content=\"article\" \/>\n<meta property=\"og:title\" content=\"Prawo nieruchomo\u015bci                   Umowy, regulaminy, opinie prawne - AK Lexius Kancelaria Prawna\" \/>\n<meta property=\"og:description\" content=\"Umowy, regulaminy i opinie prawne z uwzgl\u0119dnieniem pogl\u0105d\u00f3w doktryny i orzecznictwa\" \/>\n<meta property=\"og:url\" content=\"https:\/\/annakempinska.pl\/?page_id=26\" \/>\n<meta property=\"og:site_name\" content=\"AK Lexius Kancelaria Prawna\" \/>\n<meta property=\"article:modified_time\" content=\"2025-08-10T21:40:14+00:00\" \/>\n<meta property=\"og:image\" content=\"https:\/\/annakempinska.pl\/wp-content\/uploads\/2024\/01\/R-e1705514667553.gif\" \/>\n<meta name=\"twitter:card\" content=\"summary_large_image\" \/>\n<meta name=\"twitter:label1\" content=\"Szacowany czas czytania\" \/>\n\t<meta name=\"twitter:data1\" content=\"2 minuty\" \/>\n<script type=\"application\/ld+json\" class=\"yoast-schema-graph\">{\"@context\":\"https:\/\/schema.org\",\"@graph\":[{\"@type\":\"WebPage\",\"@id\":\"https:\/\/annakempinska.pl\/?page_id=26\",\"url\":\"https:\/\/annakempinska.pl\/?page_id=26\",\"name\":\"Prawo nieruchomo\u015bci Umowy, regulaminy, opinie prawne - AK Lexius Kancelaria Prawna\",\"isPartOf\":{\"@id\":\"https:\/\/annakempinska.pl\/#website\"},\"datePublished\":\"2016-02-12T08:13:33+00:00\",\"dateModified\":\"2025-08-10T21:40:14+00:00\",\"breadcrumb\":{\"@id\":\"https:\/\/annakempinska.pl\/?page_id=26#breadcrumb\"},\"inLanguage\":\"pl-PL\",\"potentialAction\":[{\"@type\":\"ReadAction\",\"target\":[\"https:\/\/annakempinska.pl\/?page_id=26\"]}]},{\"@type\":\"BreadcrumbList\",\"@id\":\"https:\/\/annakempinska.pl\/?page_id=26#breadcrumb\",\"itemListElement\":[{\"@type\":\"ListItem\",\"position\":1,\"name\":\"Strona g\u0142\u00f3wna\",\"item\":\"https:\/\/annakempinska.pl\/\"},{\"@type\":\"ListItem\",\"position\":2,\"name\":\"Prawo nieruchomo\u015bci Umowy, regulaminy, opinie prawne\"}]},{\"@type\":\"WebSite\",\"@id\":\"https:\/\/annakempinska.pl\/#website\",\"url\":\"https:\/\/annakempinska.pl\/\",\"name\":\"AK Lexius Kancelaria Prawna\",\"description\":\"\",\"potentialAction\":[{\"@type\":\"SearchAction\",\"target\":{\"@type\":\"EntryPoint\",\"urlTemplate\":\"https:\/\/annakempinska.pl\/?s={search_term_string}\"},\"query-input\":\"required name=search_term_string\"}],\"inLanguage\":\"pl-PL\"}]}<\/script>\n<!-- \/ Yoast SEO plugin. -->","yoast_head_json":{"title":"Prawo nieruchomo\u015bci                   Umowy, regulaminy, opinie prawne - AK Lexius Kancelaria Prawna","robots":{"index":"index","follow":"follow","max-snippet":"max-snippet:-1","max-image-preview":"max-image-preview:large","max-video-preview":"max-video-preview:-1"},"canonical":"https:\/\/annakempinska.pl\/?page_id=26","og_locale":"pl_PL","og_type":"article","og_title":"Prawo nieruchomo\u015bci                   Umowy, regulaminy, opinie prawne - AK Lexius Kancelaria Prawna","og_description":"Umowy, regulaminy i opinie prawne z uwzgl\u0119dnieniem pogl\u0105d\u00f3w doktryny i orzecznictwa","og_url":"https:\/\/annakempinska.pl\/?page_id=26","og_site_name":"AK Lexius Kancelaria Prawna","article_modified_time":"2025-08-10T21:40:14+00:00","og_image":[{"url":"https:\/\/annakempinska.pl\/wp-content\/uploads\/2024\/01\/R-e1705514667553.gif"}],"twitter_card":"summary_large_image","twitter_misc":{"Szacowany czas czytania":"2 minuty"},"schema":{"@context":"https:\/\/schema.org","@graph":[{"@type":"WebPage","@id":"https:\/\/annakempinska.pl\/?page_id=26","url":"https:\/\/annakempinska.pl\/?page_id=26","name":"Prawo nieruchomo\u015bci Umowy, regulaminy, opinie prawne - AK Lexius Kancelaria Prawna","isPartOf":{"@id":"https:\/\/annakempinska.pl\/#website"},"datePublished":"2016-02-12T08:13:33+00:00","dateModified":"2025-08-10T21:40:14+00:00","breadcrumb":{"@id":"https:\/\/annakempinska.pl\/?page_id=26#breadcrumb"},"inLanguage":"pl-PL","potentialAction":[{"@type":"ReadAction","target":["https:\/\/annakempinska.pl\/?page_id=26"]}]},{"@type":"BreadcrumbList","@id":"https:\/\/annakempinska.pl\/?page_id=26#breadcrumb","itemListElement":[{"@type":"ListItem","position":1,"name":"Strona g\u0142\u00f3wna","item":"https:\/\/annakempinska.pl\/"},{"@type":"ListItem","position":2,"name":"Prawo nieruchomo\u015bci Umowy, regulaminy, opinie prawne"}]},{"@type":"WebSite","@id":"https:\/\/annakempinska.pl\/#website","url":"https:\/\/annakempinska.pl\/","name":"AK Lexius Kancelaria Prawna","description":"","potentialAction":[{"@type":"SearchAction","target":{"@type":"EntryPoint","urlTemplate":"https:\/\/annakempinska.pl\/?s={search_term_string}"},"query-input":"required name=search_term_string"}],"inLanguage":"pl-PL"}]}},"_links":{"self":[{"href":"https:\/\/annakempinska.pl\/index.php?rest_route=\/wp\/v2\/pages\/26","targetHints":{"allow":["GET"]}}],"collection":[{"href":"https:\/\/annakempinska.pl\/index.php?rest_route=\/wp\/v2\/pages"}],"about":[{"href":"https:\/\/annakempinska.pl\/index.php?rest_route=\/wp\/v2\/types\/page"}],"author":[{"embeddable":true,"href":"https:\/\/annakempinska.pl\/index.php?rest_route=\/wp\/v2\/users\/1"}],"replies":[{"embeddable":true,"href":"https:\/\/annakempinska.pl\/index.php?rest_route=%2Fwp%2Fv2%2Fcomments&post=26"}],"version-history":[{"count":8,"href":"https:\/\/annakempinska.pl\/index.php?rest_route=\/wp\/v2\/pages\/26\/revisions"}],"predecessor-version":[{"id":2239,"href":"https:\/\/annakempinska.pl\/index.php?rest_route=\/wp\/v2\/pages\/26\/revisions\/2239"}],"wp:attachment":[{"href":"https:\/\/annakempinska.pl\/index.php?rest_route=%2Fwp%2Fv2%2Fmedia&parent=26"}],"curies":[{"name":"wp","href":"https:\/\/api.w.org\/{rel}","templated":true}]}}